{"id":5093,"date":"2023-01-10T14:01:36","date_gmt":"2023-01-10T14:01:36","guid":{"rendered":"https:\/\/stilearredobotturi.com\/shop\/?post_type=product&#038;p=5093"},"modified":"2023-01-10T14:01:36","modified_gmt":"2023-01-10T14:01:36","slug":"original-grigio-oscuro","status":"publish","type":"product","link":"https:\/\/stilearredobotturi.com\/shop\/prodotto\/original-grigio-oscuro\/","title":{"rendered":"Original Grigio oscuro"},"content":{"rendered":"<h4>Caratteristiche<\/h4>\n<ul>\n<li class=\"list-item old-features-list\">Tessuto in nylon di alta qualit\u00e0 e ripieno durevole.<\/li>\n<li class=\"list-item old-features-list\">Solo per uso interno.<\/li>\n<li class=\"list-item old-features-list\">Si pu\u00f2 reimbottire.<\/li>\n<\/ul>\n<h4>Informazioni Prodotto<\/h4>\n<p>Tutto \u00e8 iniziato con la poltrona sacco Fatboy Original. Il robusto tessuto in nylon di questa poltrona a sacco \u00e8 praticamente indistruttibile. Offre il massimo comfort ed \u00e8 emblematica nella sua semplicit\u00e0. \u00c8 dunque chiaro il perch\u00e9 la poltrona a sacco Fatboy Original sia diventata una vera e propria icona del design dal 2002. Viene riempita manualmente con 3.542.897 perle affinch\u00e9 si adatti alla perfezione al tuo corpo. \u00c8 disponibile in molti colori diversi con una finitura idrorepellente e antisporco. Infine, l\u2019emblematica poltrona a sacco Original \u00e8 facile da riempire ed \u00e8 adatta solo per uso interno.<\/p>\n","protected":false},"excerpt":{"rendered":"<p>Tutto \u00e8 iniziato con la poltrona sacco Fatboy Original. Il robusto tessuto in nylon di questa poltrona a sacco \u00e8 praticamente indistruttibile. Offre il massimo comfort ed \u00e8 emblematica nella sua semplicit\u00e0.<\/p>\n","protected":false},"featured_media":1168,"template":"","meta":[],"product_cat":[39],"product_tag":[],"_links":{"self":[{"href":"https:\/\/stilearredobotturi.com\/shop\/wp-json\/wp\/v2\/product\/5093"}],"collection":[{"href":"https:\/\/stilearredobotturi.com\/shop\/wp-json\/wp\/v2\/product"}],"about":[{"href":"https:\/\/stilearredobotturi.com\/shop\/wp-json\/wp\/v2\/types\/product"}],"version-history":[{"count":1,"href":"https:\/\/stilearredobotturi.com\/shop\/wp-json\/wp\/v2\/product\/5093\/revisions"}],"predecessor-version":[{"id":5094,"href":"https:\/\/stilearredobotturi.com\/shop\/wp-json\/wp\/v2\/product\/5093\/revisions\/5094"}],"wp:featuredmedia":[{"embeddable":true,"href":"https:\/\/stilearredobotturi.com\/shop\/wp-json\/wp\/v2\/media\/1168"}],"wp:attachment":[{"href":"https:\/\/stilearredobotturi.com\/shop\/wp-json\/wp\/v2\/media?parent=5093"}],"wp:term":[{"taxonomy":"product_cat","embeddable":true,"href":"https:\/\/stilearredobotturi.com\/shop\/wp-json\/wp\/v2\/product_cat?post=5093"},{"taxonomy":"product_tag","embeddable":true,"href":"https:\/\/stilearredobotturi.com\/shop\/wp-json\/wp\/v2\/product_tag?post=5093"}],"curies":[{"name":"wp","href":"https:\/\/api.w.org\/{rel}","templated":true}]}}