{"id":5100,"date":"2023-01-10T14:06:58","date_gmt":"2023-01-10T14:06:58","guid":{"rendered":"https:\/\/stilearredobotturi.com\/shop\/?post_type=product&#038;p=5100"},"modified":"2023-01-10T14:11:02","modified_gmt":"2023-01-10T14:11:02","slug":"edison-the-petit","status":"publish","type":"product","link":"https:\/\/stilearredobotturi.com\/shop\/prodotto\/edison-the-petit\/","title":{"rendered":"Edison the Petit"},"content":{"rendered":"<h4>Caratteristiche<\/h4>\n<ul>\n<li class=\"list-item old-features-list\">3 diverse intensit\u00e0 di luce (33%, 65%, 100%).<sup>1<\/sup><\/li>\n<li class=\"list-item old-features-list\">Dimmerabile di continuo.<sup>2<\/sup><\/li>\n<li class=\"list-item old-features-list\">Senza fili.<\/li>\n<li class=\"list-item old-features-list\">Batteria ricaricabile.<\/li>\n<li class=\"list-item old-features-list\">Portatile.<\/li>\n<li class=\"list-item old-features-list\">Tira l&#8217;etichetta rossa Fatboy per accendere la lampada.<\/li>\n<li class=\"list-item old-features-list\">Si apagas la l\u00e1mpara, esta recordar\u00e1 su \u00faltima posici\u00f3n o modo.<sup>2<\/sup><\/li>\n<li class=\"list-item old-features-list\">Temperatura di colore: 2700K (bianco caldo).<\/li>\n<li class=\"list-item old-features-list\">Potenza watt: 1 W.<sup>1<\/sup><\/li>\n<li class=\"list-item old-features-list\">Potenza watt: 2 x 0,5 W.<sup>2<\/sup><\/li>\n<li class=\"list-item old-features-list\">Volt: 3,7V.<\/li>\n<li class=\"list-item old-features-list\">IP21.<\/li>\n<li class=\"list-item old-features-list\">Durata della lampada: 50 000 ore.<\/li>\n<li class=\"list-item old-features-list\">Tempo di ricarica: 3 ore.<\/li>\n<li class=\"list-item old-features-list\">Luminosit\u00e0 100%: 43 Lumen.<sup>1<\/sup><\/li>\n<li class=\"list-item old-features-list\">Luminosit\u00e0 100%: 58 Lumen.<sup>2<\/sup><\/li>\n<li class=\"list-item old-features-list\">Durata della batteria: Impostazione 1: 24 ore | Impostazione 2: 15 ore | Impostazione 3: 6 ore |<sup>1<\/sup><\/li>\n<li class=\"list-item old-features-list\">Una lampada completamente carica rimarr\u00e0 accesa per circa 7,5-8 ore.<sup>2<\/sup><\/li>\n<li class=\"list-item old-features-list\">Tipo di batteria: LI-Polymer 1600 Mah.<\/li>\n<li class=\"list-item old-features-list\">Cavo di ricarica USB: da USB C a USB A.<\/li>\n<li class=\"list-item old-features-list\">Specifiche dell&#8217;adattatore: (Adattatore non incluso).<\/li>\n<li class=\"list-item old-features-list\">L\u2019esterno \u00e8 in polibicarbonato.<br \/>\nL\u2019interno si compone di una piastra in ABS con rivestimento a LED.<\/li>\n<li class=\"list-item old-features-list\">Design di: DeMakersVan.<\/li>\n<\/ul>\n<h4>Caratteristiche<\/h4>\n<p>La Fatboy Edison the Petit \u00e8 la lampada da tavolo mobile che stavi aspettando. Funzionale sulla scrivania, romantica sul balcone e utile accanto al letto. Questa lampada da tavolo bianca porta la giusta quantit\u00e0 di luce nell\u2019oscurit\u00e0, ovunque e in qualsiasi momento, grazie alle diverse intensit\u00e0 di luce e alla durata fino a 20 ore. Multifunzionale, perfetta per creare l\u2019atmosfera giusta e ricaricabile! Questa piccola lampada da tavolo \u00e8 completamente illuminata mediante l\u2019esclusiva tecnologia a LED. Usa questa lampada da tavolo in polipropilene all\u2019esterno o all\u2019interno, sceglie la giusta intensit\u00e0 luminosa e ricaricala di nuovo tramite USB quando necessario. Aggiungi un paralume Cooper Cappie per darle un tocco in pi\u00f9 o per rendere la Edison the Petit completamente tua.<\/p>\n<p>&nbsp;<\/p>\n","protected":false},"excerpt":{"rendered":"<p>La Fatboy Edison the Petit \u00e8 la lampada da tavolo mobile che stavi aspettando. Funzionale sulla scrivania, romantica sul balcone e utile accanto al letto.<\/p>\n","protected":false},"featured_media":1203,"template":"","meta":[],"product_cat":[40],"product_tag":[],"_links":{"self":[{"href":"https:\/\/stilearredobotturi.com\/shop\/wp-json\/wp\/v2\/product\/5100"}],"collection":[{"href":"https:\/\/stilearredobotturi.com\/shop\/wp-json\/wp\/v2\/product"}],"about":[{"href":"https:\/\/stilearredobotturi.com\/shop\/wp-json\/wp\/v2\/types\/product"}],"version-history":[{"count":1,"href":"https:\/\/stilearredobotturi.com\/shop\/wp-json\/wp\/v2\/product\/5100\/revisions"}],"predecessor-version":[{"id":5101,"href":"https:\/\/stilearredobotturi.com\/shop\/wp-json\/wp\/v2\/product\/5100\/revisions\/5101"}],"wp:featuredmedia":[{"embeddable":true,"href":"https:\/\/stilearredobotturi.com\/shop\/wp-json\/wp\/v2\/media\/1203"}],"wp:attachment":[{"href":"https:\/\/stilearredobotturi.com\/shop\/wp-json\/wp\/v2\/media?parent=5100"}],"wp:term":[{"taxonomy":"product_cat","embeddable":true,"href":"https:\/\/stilearredobotturi.com\/shop\/wp-json\/wp\/v2\/product_cat?post=5100"},{"taxonomy":"product_tag","embeddable":true,"href":"https:\/\/stilearredobotturi.com\/shop\/wp-json\/wp\/v2\/product_tag?post=5100"}],"curies":[{"name":"wp","href":"https:\/\/api.w.org\/{rel}","templated":true}]}}