{"id":5125,"date":"2023-01-10T14:23:39","date_gmt":"2023-01-10T14:23:39","guid":{"rendered":"https:\/\/stilearredobotturi.com\/shop\/?post_type=product&#038;p=5125"},"modified":"2023-01-10T14:24:07","modified_gmt":"2023-01-10T14:24:07","slug":"sjopper-kees-yellow-ochre","status":"publish","type":"product","link":"https:\/\/stilearredobotturi.com\/shop\/prodotto\/sjopper-kees-yellow-ochre\/","title":{"rendered":"Sjopper-Kees Yellow ochre"},"content":{"rendered":"<h4>Caratteristiche<\/h4>\n<ul>\n<li class=\"list-item old-features-list\">Materiale: EVA (etilene vinil acetato)<\/li>\n<li class=\"list-item old-features-list\">Porta fino a 10 kg<\/li>\n<li class=\"list-item old-features-list\">Leggera<\/li>\n<li class=\"list-item old-features-list\">Tiene l\u2019acqua senza gocciolare<\/li>\n<li class=\"list-item old-features-list\">Sta in piedi da sola<\/li>\n<\/ul>\n<h4>Caratteristiche<\/h4>\n<p>La Fatboy Sjopper-Kees \u00e8 la tua nuova borsa della spesa preferita. Pratica durante lo shopping e di grande aiuto dentro e intorno alla casa. Potrai usare la Sjopper-Kees come portariviste, vaso per piante o persino come refrigeratore per il vino. Questa borsa multifunzionale \u00e8 realizzata in EVA leggera ed \u00e8 dunque facile da pulire, impermeabile e molto robusta. Disponibile in diversi colori, pu\u00f2 trasportare fino a 10 kg e ha una capacit\u00e0 di 14 litri.<\/p>\n<p>&nbsp;<\/p>\n","protected":false},"excerpt":{"rendered":"<p>La Fatboy Sjopper-Kees \u00e8 la tua nuova borsa della spesa preferita. Pratica durante lo shopping e di grande aiuto dentro e intorno alla casa.<\/p>\n","protected":false},"featured_media":1299,"template":"","meta":[],"product_cat":[42],"product_tag":[],"_links":{"self":[{"href":"https:\/\/stilearredobotturi.com\/shop\/wp-json\/wp\/v2\/product\/5125"}],"collection":[{"href":"https:\/\/stilearredobotturi.com\/shop\/wp-json\/wp\/v2\/product"}],"about":[{"href":"https:\/\/stilearredobotturi.com\/shop\/wp-json\/wp\/v2\/types\/product"}],"version-history":[{"count":2,"href":"https:\/\/stilearredobotturi.com\/shop\/wp-json\/wp\/v2\/product\/5125\/revisions"}],"predecessor-version":[{"id":5127,"href":"https:\/\/stilearredobotturi.com\/shop\/wp-json\/wp\/v2\/product\/5125\/revisions\/5127"}],"wp:featuredmedia":[{"embeddable":true,"href":"https:\/\/stilearredobotturi.com\/shop\/wp-json\/wp\/v2\/media\/1299"}],"wp:attachment":[{"href":"https:\/\/stilearredobotturi.com\/shop\/wp-json\/wp\/v2\/media?parent=5125"}],"wp:term":[{"taxonomy":"product_cat","embeddable":true,"href":"https:\/\/stilearredobotturi.com\/shop\/wp-json\/wp\/v2\/product_cat?post=5125"},{"taxonomy":"product_tag","embeddable":true,"href":"https:\/\/stilearredobotturi.com\/shop\/wp-json\/wp\/v2\/product_tag?post=5125"}],"curies":[{"name":"wp","href":"https:\/\/api.w.org\/{rel}","templated":true}]}}