{"id":5484,"date":"2023-01-13T15:38:51","date_gmt":"2023-01-13T15:38:51","guid":{"rendered":"https:\/\/stilearredobotturi.com\/shop\/?post_type=product&#038;p=5484"},"modified":"2023-01-13T15:38:51","modified_gmt":"2023-01-13T15:38:51","slug":"bolleke-sandy-beige","status":"publish","type":"product","link":"https:\/\/stilearredobotturi.com\/shop\/prodotto\/bolleke-sandy-beige\/","title":{"rendered":"Bolleke Sandy Beige"},"content":{"rendered":"<h4>Caratteristiche<\/h4>\n<div class=\"row product-details__infos\">\n<div class=\"details layout__twoCol\">\n<div id=\"sectionDetail-8\" class=\"product-detail\">\n<div class=\"product-detail__content\">\n<div class=\"details layout__twoCol\">\n<div class=\"details layout__twoCol\">\n<div class=\"details layout__twoCol\">\n<ul class=\"description-list\">\n<li class=\"list-item old-features-list\">2700 Kelvin.<\/li>\n<li class=\"list-item old-features-list\">1 Watt.<\/li>\n<li class=\"list-item old-features-list\">Luminosit\u00e0 100%: 44 Lumen.<\/li>\n<li class=\"list-item old-features-list\">3.7 Volt.<\/li>\n<li class=\"list-item old-features-list\">L\u2019esterno \u00e8 realizzato in HDPE, l\u2019interno in ABS, e il laccio in gomma siliconica.<\/li>\n<li class=\"list-item old-features-list\">La Bolleke \u00e8 progettata per uso sia interno che esterno.<\/li>\n<li class=\"list-item old-features-list\">La Bolleke ha tre diverse intensit\u00e0 di luce.<\/li>\n<li class=\"list-item old-features-list\">Durata della batteria: Impostazione 1: 24 ore | Impostazione 2: 15 ore | Impostazione 3: 6 ore.<\/li>\n<li class=\"list-item old-features-list\">Tipo di batteria: Li-Polymer 1600 Mah.<\/li>\n<li class=\"list-item old-features-list\">LED non sostituibile.<\/li>\n<li class=\"list-item old-features-list\">IP55: resistente agli spruzzi d\u2019acqua.<\/li>\n<li class=\"list-item old-features-list\">Design di: Nathalie Schellekens.<\/li>\n<\/ul>\n<\/div>\n<div id=\"sectionDetail-8\" class=\"detail\">\n<p>&nbsp;<\/p>\n<\/div>\n<\/div>\n<\/div>\n<\/div>\n<\/div>\n<\/div>\n<\/div>\n<p><strong>Dimensioni<br \/>\n<\/strong><\/p>\n<div class=\"product-detail__content\">\n<div class=\"details layout__twoCol\">\n<div id=\"sectionDetail-9\" class=\"product-detail\">\n<div class=\"product-detail__content\">\n<div class=\"details layout__twoCol\">\n<div class=\"details layout__twoCol\">\n<div class=\"details layout__twoCol\">\n<ul class=\"old-dimensions-list\">\n<li class=\"list-item\">Laccio 100 cm.<\/li>\n<li class=\"list-item\">0,6 kg \/ 1.3 lbs<\/li>\n<li class=\"list-item\">Cavo USB: 1,5 metri.<\/li>\n<li class=\"list-item\">\u00f8 20 cm \/ 7.9 inches<\/li>\n<li class=\"list-item\">Confezione: 22,5 x 23,5 x 23,5 cm.<\/li>\n<li class=\"list-item\">Prodotto + Confezione: 1,41 kg.<\/li>\n<\/ul>\n<\/div>\n<div class=\"details layout__twoCol\">\n<div>\n<p><strong>Informazioni sul prodotto<br \/>\n<\/strong><\/p>\n<\/div>\n<\/div>\n<\/div>\n<\/div>\n<\/div>\n<\/div>\n<\/div>\n<\/div>\n<div>\n<div>\n<div class=\"details layout__twoCol\">\n<div id=\"sectionDetail-70\" class=\"detail\">\n<div class=\"details layout__twoCol\">\n<div class=\"details layout__twoCol\">\n<div class=\"details layout__twoCol\">\n<div class=\"details layout__twoCol\">\n<div class=\"details layout__twoCol\">La Fatboy Bolleke \u00e8 senza fili, robusta e pu\u00f2 essere utilizzata ovunque grazie al pratico laccio di silicone. La lampadina a LED \u00e8 regolabile in 3 posizioni e il laccio \u00e8 disponibile nei seguenti colori: grigio talpa, rosso, grigio chiaro e verde industriale. Inoltre, la lampada sferica Bolleke pu\u00f2 essere utilizzata sia all\u2019interno che all\u2019esterno ed \u00e8 dotata di una sorgente luminosa a LED fissa ad alta efficienza energetica. Inoltre, la durata della batteria \u00e8 il vero affare: a seconda dell\u2019intensit\u00e0 impostata, questa sfera luminosa pu\u00f2 rimanere accesa da 8 a 20 ore. In seguito, \u00e8 possibile ricaricarla facilmente tramite la porta USB. L\u2019esterno della Bolleke \u00e8 realizzato in HDPE, mentre all\u2019interno \u00e8 presente una piastra base in ABS con l\u2019alloggiamento LED.<\/div>\n<\/div>\n<\/div>\n<\/div>\n<\/div>\n<\/div>\n<\/div>\n<\/div>\n<\/div>\n","protected":false},"excerpt":{"rendered":"<p class=\"detail--title\"><span id=\"h1-title1\" class=\"family\"><\/span>La Fatboy Bolleke \u00e8 senza fili, robusta e pu\u00f2 essere utilizzata ovunque grazie al pratico laccio di silicone.<\/p>\n","protected":false},"featured_media":5497,"template":"","meta":[],"product_cat":[113],"product_tag":[],"_links":{"self":[{"href":"https:\/\/stilearredobotturi.com\/shop\/wp-json\/wp\/v2\/product\/5484"}],"collection":[{"href":"https:\/\/stilearredobotturi.com\/shop\/wp-json\/wp\/v2\/product"}],"about":[{"href":"https:\/\/stilearredobotturi.com\/shop\/wp-json\/wp\/v2\/types\/product"}],"version-history":[{"count":1,"href":"https:\/\/stilearredobotturi.com\/shop\/wp-json\/wp\/v2\/product\/5484\/revisions"}],"predecessor-version":[{"id":5498,"href":"https:\/\/stilearredobotturi.com\/shop\/wp-json\/wp\/v2\/product\/5484\/revisions\/5498"}],"wp:featuredmedia":[{"embeddable":true,"href":"https:\/\/stilearredobotturi.com\/shop\/wp-json\/wp\/v2\/media\/5497"}],"wp:attachment":[{"href":"https:\/\/stilearredobotturi.com\/shop\/wp-json\/wp\/v2\/media?parent=5484"}],"wp:term":[{"taxonomy":"product_cat","embeddable":true,"href":"https:\/\/stilearredobotturi.com\/shop\/wp-json\/wp\/v2\/product_cat?post=5484"},{"taxonomy":"product_tag","embeddable":true,"href":"https:\/\/stilearredobotturi.com\/shop\/wp-json\/wp\/v2\/product_tag?post=5484"}],"curies":[{"name":"wp","href":"https:\/\/api.w.org\/{rel}","templated":true}]}}